{"id":667,"date":"2024-02-29T14:28:45","date_gmt":"2024-02-29T14:28:45","guid":{"rendered":"https:\/\/krbeautyacademy.com\/?page_id=667"},"modified":"2024-02-29T14:44:41","modified_gmt":"2024-02-29T14:44:41","slug":"aviso-legal","status":"publish","type":"page","link":"https:\/\/krbeautyacademy.com\/ua\/aviso-legal\/","title":{"rendered":"\u042e\u0440\u0438\u0434\u0438\u0447\u043d\u0435 \u043f\u043e\u0432\u0456\u0434\u043e\u043c\u043b\u0435\u043d\u043d\u044f"},"content":{"rendered":"<p><strong>I.- Titular de la web<\/strong><\/p>\n\n\n\n<p>El titular de la web es\u00a0<strong>Krystyna Rutska<\/strong>, con domicilio en Carrer Poeta Miguel Hern\u00e1ndez 5, bajo, Valencia, Massamagrell, Spain, 46130.<\/p>\n\n\n\n<p><strong>II.- Propiedad intelectual e industrial<\/strong><\/p>\n\n\n\n<p>Los nombres comerciales, marcas o signos de identidad corporativa de cualquier clase que aparecen en este sitio web son propiedad de krbeautyacademy, sin que pueda entenderse que el uso o acceso a este sitio y\/o a los servicios que en el mismo se facilitan, atribuya al usuario derecho alguno sobre aquellos.<br>&nbsp;<\/p>\n\n\n\n<p><strong>III.- Condiciones de acceso y uso de esta p\u00e1gina web<\/strong><\/p>\n\n\n\n<p>El acceso al sitio web \u201c<a href=\"https:\/\/krbeautyacademy.com\/ua\/\">https:\/\/krbeautyacademy.com\/<\/a>\u201d atribuye a quien lo realiza la condici\u00f3n de usuario, lo que supone la aceptaci\u00f3n total y sin reservas por parte del mismo de las condiciones de acceso y uso aqu\u00ed contenidas.<\/p>\n\n\n\n<p>El acceso y utilizaci\u00f3n de este sitio web se realizar\u00e1 bajo la exclusiva responsabilidad del usuario, quien se compromete a realizar un correcto uso de los contenidos y servicios de este sitio web no utiliz\u00e1ndolos para fines il\u00edcitos.<\/p>\n\n\n\n<p>krbeautyacademy se reserva el derecho a modificar y actualizar la informaci\u00f3n y condiciones contenidas en sus p\u00e1ginas Web, as\u00ed como en las condiciones de configuraci\u00f3n y de acceso a este sitio web o a suspender el funcionamiento del mismo en cualquier momento y sin necesidad de previa comunicaci\u00f3n a los usuarios.<br>&nbsp;<\/p>\n\n\n\n<p><strong>IV.- Limitaci\u00f3n de garant\u00edas y de responsabilidad<\/strong><\/p>\n\n\n\n<p>krbeautyacademy no puede garantizar la fiabilidad, utilidad o veracidad de absolutamente toda la informaci\u00f3n y\/o de los servicios de la web ni tampoco de la utilidad o veracidad de la documentaci\u00f3n puesta a disposici\u00f3n a trav\u00e9s del mismo.<\/p>\n\n\n\n<p>En consecuencia, krbeautyacademy queda exenta de cualquier tipo de responsabilidad por da\u00f1os y perjuicios de toda naturaleza en los siguientes casos:<\/p>\n\n\n\n<ul class=\"wp-block-list\">\n<li>Por imposibilidad o dificultades de conexi\u00f3n a la red de comunicaciones a trav\u00e9s de la que resulta accesible esta web, independientemente de la clase de conexi\u00f3n utilizada por el usuario.<\/li>\n\n\n\n<li>Por interrupci\u00f3n, suspensi\u00f3n o cancelaci\u00f3n del acceso a la web, as\u00ed como por disponibilidad y continuidad del funcionamiento de la web o de los servicios y\/o contenidos en el mismo, cuando ello se deba a una causa ajena al \u00e1mbito de control de krbeautyacademy, ya provenga directa o indirectamente de \u00e9sta.<\/li>\n\n\n\n<li>No asume web ninguna responsabilidad respecto de los servicios y contenidos de terceros ni por la disponibilidad y condiciones, t\u00e9cnicas o no, de acceso a los mismos, que sean ofrecidos por terceros prestadores de servicios, en especial respecto de los prestadores de servicios de la sociedad de la informaci\u00f3n. De la calidad y velocidad de la web y de las condiciones t\u00e9cnicas que debe reunir el usuario con el fin de poder acceder a la web y a sus servicios y\/o contenidos.<br>&nbsp;<\/li>\n<\/ul>\n\n\n\n<p><strong>V.- Vigencia de las condiciones de uso<\/strong><\/p>\n\n\n\n<p>krbeautyacademy podr\u00e1 modificar los t\u00e9rminos y condiciones aqu\u00ed estipulados, total o parcialmente, publicando cualquier cambio en la misma forma en que aparecen estas condiciones generales o a trav\u00e9s de cualquier tipo de comunicaci\u00f3n dirigida a los Usuarios.<\/p>\n\n\n\n<p>La vigencia temporal de estas condiciones coincide, por lo tanto, con el tiempo de su exposici\u00f3n, hasta que sean modificadas total o parcialmente, momento en el cual pasar\u00e1n a tener vigencia las condiciones generales modificadas.<\/p>\n\n\n\n<p>krbeautyacademy podr\u00e1 dar por terminado, suspender o interrumpir, en cualquier momento sin necesidad de preaviso, el acceso a los contenidos de la p\u00e1gina, sin posibilidad por parte del Usuario de exigir indemnizaci\u00f3n alguna. Tras dicha extinci\u00f3n, seguir\u00e1n vigentes las prohibiciones de uso de los contenidos expuestas anteriormente en las presentes condiciones.<br>&nbsp;<\/p>\n\n\n\n<p><strong>VI.- Jurisdicci\u00f3n<\/strong><\/p>\n\n\n\n<p>Cualquier cuesti\u00f3n que pudiera plantearse en relaci\u00f3n con las condiciones contenidas en este aviso legal estar\u00e1 sometida al derecho espa\u00f1ol, excluyendo cualquier otra legislaci\u00f3n estatal salvo que sea aplicable por imperativo legal.<\/p>\n\n\n\n<p>Todas las cuestiones relativas a los servicios y contenidos suministrados o relacionados con la web estar\u00e1n sometidas al conocimiento de los Juzgados y Tribunales de la ciudad de Madrid, Espa\u00f1a.<\/p>","protected":false},"excerpt":{"rendered":"<p>I.- Titular de la web El titular de la web es\u00a0Krystyna Rutska, con domicilio en Carrer Poeta Miguel Hern\u00e1ndez 5, bajo, Valencia, Massamagrell, Spain, 46130. II.- Propiedad intelectual e industrial Los nombres comerciales, marcas o signos de identidad corporativa de cualquier clase que aparecen en este sitio web son propiedad de krbeautyacademy, sin que pueda [&hellip;]<\/p>\n","protected":false},"author":1,"featured_media":0,"parent":0,"menu_order":0,"comment_status":"closed","ping_status":"closed","template":"","meta":{"footnotes":""},"class_list":["post-667","page","type-page","status-publish","hentry"],"_links":{"self":[{"href":"https:\/\/krbeautyacademy.com\/ua\/wp-json\/wp\/v2\/pages\/667","targetHints":{"allow":["GET"]}}],"collection":[{"href":"https:\/\/krbeautyacademy.com\/ua\/wp-json\/wp\/v2\/pages"}],"about":[{"href":"https:\/\/krbeautyacademy.com\/ua\/wp-json\/wp\/v2\/types\/page"}],"author":[{"embeddable":true,"href":"https:\/\/krbeautyacademy.com\/ua\/wp-json\/wp\/v2\/users\/1"}],"replies":[{"embeddable":true,"href":"https:\/\/krbeautyacademy.com\/ua\/wp-json\/wp\/v2\/comments?post=667"}],"version-history":[{"count":0,"href":"https:\/\/krbeautyacademy.com\/ua\/wp-json\/wp\/v2\/pages\/667\/revisions"}],"wp:attachment":[{"href":"https:\/\/krbeautyacademy.com\/ua\/wp-json\/wp\/v2\/media?parent=667"}],"curies":[{"name":"wp","href":"https:\/\/api.w.org\/{rel}","templated":true}]}}